{"id":143,"date":"2019-08-20T06:04:10","date_gmt":"2019-08-20T04:04:10","guid":{"rendered":"https:\/\/andrea.soltis.cz\/contact\/"},"modified":"2023-05-17T19:05:13","modified_gmt":"2023-05-17T17:05:13","slug":"kontakt","status":"publish","type":"page","link":"https:\/\/andrea.soltis.cz\/index.php\/kontakt\/","title":{"rendered":"Kontakt"},"content":{"rendered":"\t\t<div data-elementor-type=\"wp-page\" data-elementor-id=\"143\" class=\"elementor elementor-143\">\n\t\t\t\t\t\t<section class=\"elementor-section elementor-top-section elementor-element elementor-element-4738d2b elementor-section-content-middle elementor-section-boxed elementor-section-height-default elementor-section-height-default\" data-id=\"4738d2b\" data-element_type=\"section\" data-e-type=\"section\" data-settings=\"{&quot;background_background&quot;:&quot;classic&quot;,&quot;shape_divider_bottom&quot;:&quot;opacity-fan&quot;}\">\n\t\t\t\t\t\t\t<div class=\"elementor-background-overlay\"><\/div>\n\t\t\t\t\t\t<div class=\"elementor-shape elementor-shape-bottom\" aria-hidden=\"true\" data-negative=\"false\">\n\t\t\t<svg xmlns=\"http:\/\/www.w3.org\/2000\/svg\" viewBox=\"0 0 283.5 19.6\" preserveAspectRatio=\"none\">\n\t<path class=\"elementor-shape-fill\" style=\"opacity:0.33\" d=\"M0 0L0 18.8 141.8 4.1 283.5 18.8 283.5 0z\"\/>\n\t<path class=\"elementor-shape-fill\" style=\"opacity:0.33\" d=\"M0 0L0 12.6 141.8 4 283.5 12.6 283.5 0z\"\/>\n\t<path class=\"elementor-shape-fill\" style=\"opacity:0.33\" d=\"M0 0L0 6.4 141.8 4 283.5 6.4 283.5 0z\"\/>\n\t<path class=\"elementor-shape-fill\" d=\"M0 0L0 1.2 141.8 4 283.5 1.2 283.5 0z\"\/>\n<\/svg>\t\t<\/div>\n\t\t\t\t\t<div class=\"elementor-container elementor-column-gap-default\">\n\t\t\t\t\t<div class=\"elementor-column elementor-col-100 elementor-top-column elementor-element elementor-element-6c6e0f0\" data-id=\"6c6e0f0\" data-element_type=\"column\" data-e-type=\"column\">\n\t\t\t<div class=\"elementor-widget-wrap elementor-element-populated\">\n\t\t\t\t\t\t<div class=\"elementor-element elementor-element-437d6ad elementor-widget elementor-widget-heading\" data-id=\"437d6ad\" data-element_type=\"widget\" data-e-type=\"widget\" data-settings=\"{&quot;_animation&quot;:&quot;none&quot;}\" data-widget_type=\"heading.default\">\n\t\t\t\t<div class=\"elementor-widget-container\">\n\t\t\t\t\t<h1 class=\"elementor-heading-title elementor-size-default\">Kontakt<\/h1>\t\t\t\t<\/div>\n\t\t\t\t<\/div>\n\t\t\t\t\t<\/div>\n\t\t<\/div>\n\t\t\t\t\t<\/div>\n\t\t<\/section>\n\t\t\t\t<section class=\"elementor-section elementor-top-section elementor-element elementor-element-1f6e203 elementor-section-boxed elementor-section-height-default elementor-section-height-default\" data-id=\"1f6e203\" data-element_type=\"section\" data-e-type=\"section\">\n\t\t\t\t\t\t<div class=\"elementor-container elementor-column-gap-default\">\n\t\t\t\t\t<div class=\"elementor-column elementor-col-50 elementor-top-column elementor-element elementor-element-6284489\" data-id=\"6284489\" data-element_type=\"column\" data-e-type=\"column\">\n\t\t\t<div class=\"elementor-widget-wrap elementor-element-populated\">\n\t\t\t\t\t\t<div class=\"elementor-element elementor-element-58e00c5 elementor-widget elementor-widget-image\" data-id=\"58e00c5\" data-element_type=\"widget\" data-e-type=\"widget\" data-widget_type=\"image.default\">\n\t\t\t\t<div class=\"elementor-widget-container\">\n\t\t\t\t\t\t\t\t\t\t\t\t\t\t\t<img fetchpriority=\"high\" decoding=\"async\" width=\"1024\" height=\"850\" src=\"https:\/\/andrea.soltis.cz\/wp-content\/uploads\/2022\/02\/IMG_20220202_082337-1024x850.jpg\" class=\"attachment-large size-large wp-image-2135\" alt=\"\" srcset=\"https:\/\/andrea.soltis.cz\/wp-content\/uploads\/2022\/02\/IMG_20220202_082337-1024x850.jpg 1024w, https:\/\/andrea.soltis.cz\/wp-content\/uploads\/2022\/02\/IMG_20220202_082337-300x249.jpg 300w, https:\/\/andrea.soltis.cz\/wp-content\/uploads\/2022\/02\/IMG_20220202_082337-768x638.jpg 768w, https:\/\/andrea.soltis.cz\/wp-content\/uploads\/2022\/02\/IMG_20220202_082337-1536x1276.jpg 1536w, https:\/\/andrea.soltis.cz\/wp-content\/uploads\/2022\/02\/IMG_20220202_082337-2048x1701.jpg 2048w\" sizes=\"(max-width: 1024px) 100vw, 1024px\" \/>\t\t\t\t\t\t\t\t\t\t\t\t\t\t\t<\/div>\n\t\t\t\t<\/div>\n\t\t\t\t\t<\/div>\n\t\t<\/div>\n\t\t\t\t<div class=\"elementor-column elementor-col-50 elementor-top-column elementor-element elementor-element-1cfa566\" data-id=\"1cfa566\" data-element_type=\"column\" data-e-type=\"column\">\n\t\t\t<div class=\"elementor-widget-wrap elementor-element-populated\">\n\t\t\t\t\t\t<div class=\"elementor-element elementor-element-f8ae50c elementor-widget elementor-widget-heading\" data-id=\"f8ae50c\" data-element_type=\"widget\" data-e-type=\"widget\" data-widget_type=\"heading.default\">\n\t\t\t\t<div class=\"elementor-widget-container\">\n\t\t\t\t\t<h3 class=\"elementor-heading-title elementor-size-default\">Napi\u0161te mi<\/h3>\t\t\t\t<\/div>\n\t\t\t\t<\/div>\n\t\t\t\t<div class=\"elementor-element elementor-element-d544fb4 elementor-widget elementor-widget-text-editor\" data-id=\"d544fb4\" data-element_type=\"widget\" data-e-type=\"widget\" data-widget_type=\"text-editor.default\">\n\t\t\t\t<div class=\"elementor-widget-container\">\n\t\t\t\t\t\t\t\t\t<p style=\"text-align: center;\">ajusa@soltis.cz<\/p>\t\t\t\t\t\t\t\t<\/div>\n\t\t\t\t<\/div>\n\t\t\t\t<div class=\"elementor-element elementor-element-7ade54b elementor-widget elementor-widget-heading\" data-id=\"7ade54b\" data-element_type=\"widget\" data-e-type=\"widget\" data-widget_type=\"heading.default\">\n\t\t\t\t<div class=\"elementor-widget-container\">\n\t\t\t\t\t<h3 class=\"elementor-heading-title elementor-size-default\">Faktura\u010dn\u00ed \u00fadaje<\/h3>\t\t\t\t<\/div>\n\t\t\t\t<\/div>\n\t\t\t\t<div class=\"elementor-element elementor-element-13d149a elementor-widget elementor-widget-text-editor\" data-id=\"13d149a\" data-element_type=\"widget\" data-e-type=\"widget\" data-widget_type=\"text-editor.default\">\n\t\t\t\t<div class=\"elementor-widget-container\">\n\t\t\t\t\t\t\t\t\t<p>Bc. Andrea \u0160oltisov\u00e1<\/p>\n<p>Sedli\u0161t\u011b 504, 73936 Sedli\u0161t\u011b<\/p>\n<p>I\u010c: 14282356<\/p><p>tel: +420739263240<\/p>\t\t\t\t\t\t\t\t<\/div>\n\t\t\t\t<\/div>\n\t\t\t\t<div class=\"elementor-element elementor-element-d52d3fc elementor-widget elementor-widget-heading\" data-id=\"d52d3fc\" data-element_type=\"widget\" data-e-type=\"widget\" data-widget_type=\"heading.default\">\n\t\t\t\t<div class=\"elementor-widget-container\">\n\t\t\t\t\t<h3 class=\"elementor-heading-title elementor-size-default\">Obchodn\u00ed podm\u00ednky<\/h3>\t\t\t\t<\/div>\n\t\t\t\t<\/div>\n\t\t\t\t<section class=\"elementor-section elementor-inner-section elementor-element elementor-element-3b99681 elementor-section-boxed elementor-section-height-default elementor-section-height-default\" data-id=\"3b99681\" data-element_type=\"section\" data-e-type=\"section\">\n\t\t\t\t\t\t<div class=\"elementor-container elementor-column-gap-default\">\n\t\t\t\t\t<div class=\"elementor-column elementor-col-50 elementor-inner-column elementor-element elementor-element-63f18f7\" data-id=\"63f18f7\" data-element_type=\"column\" data-e-type=\"column\">\n\t\t\t<div class=\"elementor-widget-wrap elementor-element-populated\">\n\t\t\t\t\t\t<div class=\"elementor-element elementor-element-448856b elementor-widget elementor-widget-text-editor\" data-id=\"448856b\" data-element_type=\"widget\" data-e-type=\"widget\" data-widget_type=\"text-editor.default\">\n\t\t\t\t<div class=\"elementor-widget-container\">\n\t\t\t\t\t\t\t\t\t<p style=\"text-align: center;\"><span style=\"text-decoration: underline;\"><a href=\"https:\/\/andrea.soltis.cz\/obchodni-podminky\/\">Obchodn\u00ed podm\u00ednky<\/a><\/span><\/p>\t\t\t\t\t\t\t\t<\/div>\n\t\t\t\t<\/div>\n\t\t\t\t\t<\/div>\n\t\t<\/div>\n\t\t\t\t<div class=\"elementor-column elementor-col-50 elementor-inner-column elementor-element elementor-element-854ea9b\" data-id=\"854ea9b\" data-element_type=\"column\" data-e-type=\"column\">\n\t\t\t<div class=\"elementor-widget-wrap elementor-element-populated\">\n\t\t\t\t\t\t<div class=\"elementor-element elementor-element-b3a9ec9 elementor-widget elementor-widget-text-editor\" data-id=\"b3a9ec9\" data-element_type=\"widget\" data-e-type=\"widget\" data-widget_type=\"text-editor.default\">\n\t\t\t\t<div class=\"elementor-widget-container\">\n\t\t\t\t\t\t\t\t\t<p style=\"text-align: center;\"><span style=\"text-decoration: underline;\"><a href=\"https:\/\/andrea.soltis.cz\/zasady-zpracovani-a-ochrany-osobnich-udaju\/\">Z\u00e1sady zpracov\u00e1n\u00ed osobn\u00edch \u00fadaj\u016f<\/a><\/span><\/p>\t\t\t\t\t\t\t\t<\/div>\n\t\t\t\t<\/div>\n\t\t\t\t\t<\/div>\n\t\t<\/div>\n\t\t\t\t\t<\/div>\n\t\t<\/section>\n\t\t\t\t\t<\/div>\n\t\t<\/div>\n\t\t\t\t\t<\/div>\n\t\t<\/section>\n\t\t\t\t<\/div>\n\t\t","protected":false},"excerpt":{"rendered":"<p>Kontakt Napi\u0161te mi ajusa@soltis.cz Faktura\u010dn\u00ed \u00fadaje Bc. Andrea \u0160oltisov\u00e1 Sedli\u0161t\u011b 504, 73936 Sedli\u0161t\u011b I\u010c: 14282356 tel: +420739263240 Obchodn\u00ed podm\u00ednky Obchodn\u00ed podm\u00ednky Z\u00e1sady zpracov\u00e1n\u00ed osobn\u00edch \u00fadaj\u016f<\/p>\n","protected":false},"author":6,"featured_media":0,"parent":0,"menu_order":0,"comment_status":"closed","ping_status":"closed","template":"elementor_theme","meta":{"_uag_custom_page_level_css":"","site-sidebar-layout":"no-sidebar","site-content-layout":"page-builder","ast-site-content-layout":"default","site-content-style":"default","site-sidebar-style":"default","ast-global-header-display":"","ast-banner-title-visibility":"","ast-main-header-display":"","ast-hfb-above-header-display":"","ast-hfb-below-header-display":"","ast-hfb-mobile-header-display":"","site-post-title":"disabled","ast-breadcrumbs-content":"","ast-featured-img":"disabled","footer-sml-layout":"","ast-disable-related-posts":"","theme-transparent-header-meta":"default","adv-header-id-meta":"","stick-header-meta":"","header-above-stick-meta":"","header-main-stick-meta":"","header-below-stick-meta":"","astra-migrate-meta-layouts":"default","ast-page-background-enabled":"default","ast-page-background-meta":{"desktop":{"background-color":"","background-image":"","background-repeat":"repeat","background-position":"center center","background-size":"auto","background-attachment":"scroll","background-type":"","background-media":"","overlay-type":"","overlay-color":"","overlay-opacity":"","overlay-gradient":""},"tablet":{"background-color":"","background-image":"","background-repeat":"repeat","background-position":"center center","background-size":"auto","background-attachment":"scroll","background-type":"","background-media":"","overlay-type":"","overlay-color":"","overlay-opacity":"","overlay-gradient":""},"mobile":{"background-color":"","background-image":"","background-repeat":"repeat","background-position":"center center","background-size":"auto","background-attachment":"scroll","background-type":"","background-media":"","overlay-type":"","overlay-color":"","overlay-opacity":"","overlay-gradient":""}},"ast-content-background-meta":{"desktop":{"background-color":"var(--ast-global-color-5)","background-image":"","background-repeat":"repeat","background-position":"center center","background-size":"auto","background-attachment":"scroll","background-type":"","background-media":"","overlay-type":"","overlay-color":"","overlay-opacity":"","overlay-gradient":""},"tablet":{"background-color":"var(--ast-global-color-5)","background-image":"","background-repeat":"repeat","background-position":"center center","background-size":"auto","background-attachment":"scroll","background-type":"","background-media":"","overlay-type":"","overlay-color":"","overlay-opacity":"","overlay-gradient":""},"mobile":{"background-color":"var(--ast-global-color-5)","background-image":"","background-repeat":"repeat","background-position":"center center","background-size":"auto","background-attachment":"scroll","background-type":"","background-media":"","overlay-type":"","overlay-color":"","overlay-opacity":"","overlay-gradient":""}},"footnotes":""},"class_list":["post-143","page","type-page","status-publish","hentry"],"yoast_head":"<!-- This site is optimized with the Yoast SEO plugin v27.3 - https:\/\/yoast.com\/product\/yoast-seo-wordpress\/ -->\n<title>Kontakt - Bez Cukru Hrav\u011b a Zdrav\u011b<\/title>\n<meta name=\"robots\" content=\"index, follow, max-snippet:-1, max-image-preview:large, max-video-preview:-1\" \/>\n<link rel=\"canonical\" href=\"https:\/\/andrea.soltis.cz\/index.php\/kontakt\/\" \/>\n<meta property=\"og:locale\" content=\"cs_CZ\" \/>\n<meta property=\"og:type\" content=\"article\" \/>\n<meta property=\"og:title\" content=\"Kontakt - Bez Cukru Hrav\u011b a Zdrav\u011b\" \/>\n<meta property=\"og:description\" content=\"Kontakt Napi\u0161te mi ajusa@soltis.cz Faktura\u010dn\u00ed \u00fadaje Bc. Andrea \u0160oltisov\u00e1 Sedli\u0161t\u011b 504, 73936 Sedli\u0161t\u011b I\u010c: 14282356 tel: +420739263240 Obchodn\u00ed podm\u00ednky Obchodn\u00ed podm\u00ednky Z\u00e1sady zpracov\u00e1n\u00ed osobn\u00edch \u00fadaj\u016f\" \/>\n<meta property=\"og:url\" content=\"https:\/\/andrea.soltis.cz\/index.php\/kontakt\/\" \/>\n<meta property=\"og:site_name\" content=\"Bez Cukru Hrav\u011b a Zdrav\u011b\" \/>\n<meta property=\"article:modified_time\" content=\"2023-05-17T17:05:13+00:00\" \/>\n<meta property=\"og:image\" content=\"https:\/\/andrea.soltis.cz\/wp-content\/uploads\/2022\/02\/IMG_20220202_082337-1024x850.jpg\" \/>\n<meta name=\"twitter:card\" content=\"summary_large_image\" \/>\n<meta name=\"twitter:label1\" content=\"Odhadovan\u00e1 doba \u010dten\u00ed\" \/>\n\t<meta name=\"twitter:data1\" content=\"1 minuta\" \/>\n<script type=\"application\/ld+json\" class=\"yoast-schema-graph\">{\"@context\":\"https:\\\/\\\/schema.org\",\"@graph\":[{\"@type\":\"WebPage\",\"@id\":\"https:\\\/\\\/andrea.soltis.cz\\\/index.php\\\/kontakt\\\/\",\"url\":\"https:\\\/\\\/andrea.soltis.cz\\\/index.php\\\/kontakt\\\/\",\"name\":\"Kontakt - Bez Cukru Hrav\u011b a Zdrav\u011b\",\"isPartOf\":{\"@id\":\"https:\\\/\\\/andrea.soltis.cz\\\/#website\"},\"primaryImageOfPage\":{\"@id\":\"https:\\\/\\\/andrea.soltis.cz\\\/index.php\\\/kontakt\\\/#primaryimage\"},\"image\":{\"@id\":\"https:\\\/\\\/andrea.soltis.cz\\\/index.php\\\/kontakt\\\/#primaryimage\"},\"thumbnailUrl\":\"https:\\\/\\\/andrea.soltis.cz\\\/wp-content\\\/uploads\\\/2022\\\/02\\\/IMG_20220202_082337-1024x850.jpg\",\"datePublished\":\"2019-08-20T04:04:10+00:00\",\"dateModified\":\"2023-05-17T17:05:13+00:00\",\"breadcrumb\":{\"@id\":\"https:\\\/\\\/andrea.soltis.cz\\\/index.php\\\/kontakt\\\/#breadcrumb\"},\"inLanguage\":\"cs\",\"potentialAction\":[{\"@type\":\"ReadAction\",\"target\":[\"https:\\\/\\\/andrea.soltis.cz\\\/index.php\\\/kontakt\\\/\"]}]},{\"@type\":\"ImageObject\",\"inLanguage\":\"cs\",\"@id\":\"https:\\\/\\\/andrea.soltis.cz\\\/index.php\\\/kontakt\\\/#primaryimage\",\"url\":\"https:\\\/\\\/andrea.soltis.cz\\\/wp-content\\\/uploads\\\/2022\\\/02\\\/IMG_20220202_082337-1024x850.jpg\",\"contentUrl\":\"https:\\\/\\\/andrea.soltis.cz\\\/wp-content\\\/uploads\\\/2022\\\/02\\\/IMG_20220202_082337-1024x850.jpg\"},{\"@type\":\"BreadcrumbList\",\"@id\":\"https:\\\/\\\/andrea.soltis.cz\\\/index.php\\\/kontakt\\\/#breadcrumb\",\"itemListElement\":[{\"@type\":\"ListItem\",\"position\":1,\"name\":\"Dom\u016f\",\"item\":\"https:\\\/\\\/andrea.soltis.cz\\\/\"},{\"@type\":\"ListItem\",\"position\":2,\"name\":\"Kontakt\"}]},{\"@type\":\"WebSite\",\"@id\":\"https:\\\/\\\/andrea.soltis.cz\\\/#website\",\"url\":\"https:\\\/\\\/andrea.soltis.cz\\\/\",\"name\":\"Bez Cukru Hrav\u011b a Zdrav\u011b\",\"description\":\"(NE)sladk\u00e9 t\u011bhotenstv\u00ed, aneb jak se vypo\u0159\u00e1dat s t\u011bhotenskou cukrovkou a prediabetem.\",\"publisher\":{\"@id\":\"https:\\\/\\\/andrea.soltis.cz\\\/#organization\"},\"potentialAction\":[{\"@type\":\"SearchAction\",\"target\":{\"@type\":\"EntryPoint\",\"urlTemplate\":\"https:\\\/\\\/andrea.soltis.cz\\\/?s={search_term_string}\"},\"query-input\":{\"@type\":\"PropertyValueSpecification\",\"valueRequired\":true,\"valueName\":\"search_term_string\"}}],\"inLanguage\":\"cs\"},{\"@type\":\"Organization\",\"@id\":\"https:\\\/\\\/andrea.soltis.cz\\\/#organization\",\"name\":\"Bez Cukru Hrav\u011b a Zdrav\u011b\",\"url\":\"https:\\\/\\\/andrea.soltis.cz\\\/\",\"logo\":{\"@type\":\"ImageObject\",\"inLanguage\":\"cs\",\"@id\":\"https:\\\/\\\/andrea.soltis.cz\\\/#\\\/schema\\\/logo\\\/image\\\/\",\"url\":\"https:\\\/\\\/andrea.soltis.cz\\\/wp-content\\\/uploads\\\/2021\\\/12\\\/NEsladke-tehotenstvi-NEsladky-zivot-1.png\",\"contentUrl\":\"https:\\\/\\\/andrea.soltis.cz\\\/wp-content\\\/uploads\\\/2021\\\/12\\\/NEsladke-tehotenstvi-NEsladky-zivot-1.png\",\"width\":500,\"height\":500,\"caption\":\"Bez Cukru Hrav\u011b a Zdrav\u011b\"},\"image\":{\"@id\":\"https:\\\/\\\/andrea.soltis.cz\\\/#\\\/schema\\\/logo\\\/image\\\/\"}}]}<\/script>\n<!-- \/ Yoast SEO plugin. -->","yoast_head_json":{"title":"Kontakt - Bez Cukru Hrav\u011b a Zdrav\u011b","robots":{"index":"index","follow":"follow","max-snippet":"max-snippet:-1","max-image-preview":"max-image-preview:large","max-video-preview":"max-video-preview:-1"},"canonical":"https:\/\/andrea.soltis.cz\/index.php\/kontakt\/","og_locale":"cs_CZ","og_type":"article","og_title":"Kontakt - Bez Cukru Hrav\u011b a Zdrav\u011b","og_description":"Kontakt Napi\u0161te mi ajusa@soltis.cz Faktura\u010dn\u00ed \u00fadaje Bc. Andrea \u0160oltisov\u00e1 Sedli\u0161t\u011b 504, 73936 Sedli\u0161t\u011b I\u010c: 14282356 tel: +420739263240 Obchodn\u00ed podm\u00ednky Obchodn\u00ed podm\u00ednky Z\u00e1sady zpracov\u00e1n\u00ed osobn\u00edch \u00fadaj\u016f","og_url":"https:\/\/andrea.soltis.cz\/index.php\/kontakt\/","og_site_name":"Bez Cukru Hrav\u011b a Zdrav\u011b","article_modified_time":"2023-05-17T17:05:13+00:00","og_image":[{"url":"https:\/\/andrea.soltis.cz\/wp-content\/uploads\/2022\/02\/IMG_20220202_082337-1024x850.jpg","type":"","width":"","height":""}],"twitter_card":"summary_large_image","twitter_misc":{"Odhadovan\u00e1 doba \u010dten\u00ed":"1 minuta"},"schema":{"@context":"https:\/\/schema.org","@graph":[{"@type":"WebPage","@id":"https:\/\/andrea.soltis.cz\/index.php\/kontakt\/","url":"https:\/\/andrea.soltis.cz\/index.php\/kontakt\/","name":"Kontakt - Bez Cukru Hrav\u011b a Zdrav\u011b","isPartOf":{"@id":"https:\/\/andrea.soltis.cz\/#website"},"primaryImageOfPage":{"@id":"https:\/\/andrea.soltis.cz\/index.php\/kontakt\/#primaryimage"},"image":{"@id":"https:\/\/andrea.soltis.cz\/index.php\/kontakt\/#primaryimage"},"thumbnailUrl":"https:\/\/andrea.soltis.cz\/wp-content\/uploads\/2022\/02\/IMG_20220202_082337-1024x850.jpg","datePublished":"2019-08-20T04:04:10+00:00","dateModified":"2023-05-17T17:05:13+00:00","breadcrumb":{"@id":"https:\/\/andrea.soltis.cz\/index.php\/kontakt\/#breadcrumb"},"inLanguage":"cs","potentialAction":[{"@type":"ReadAction","target":["https:\/\/andrea.soltis.cz\/index.php\/kontakt\/"]}]},{"@type":"ImageObject","inLanguage":"cs","@id":"https:\/\/andrea.soltis.cz\/index.php\/kontakt\/#primaryimage","url":"https:\/\/andrea.soltis.cz\/wp-content\/uploads\/2022\/02\/IMG_20220202_082337-1024x850.jpg","contentUrl":"https:\/\/andrea.soltis.cz\/wp-content\/uploads\/2022\/02\/IMG_20220202_082337-1024x850.jpg"},{"@type":"BreadcrumbList","@id":"https:\/\/andrea.soltis.cz\/index.php\/kontakt\/#breadcrumb","itemListElement":[{"@type":"ListItem","position":1,"name":"Dom\u016f","item":"https:\/\/andrea.soltis.cz\/"},{"@type":"ListItem","position":2,"name":"Kontakt"}]},{"@type":"WebSite","@id":"https:\/\/andrea.soltis.cz\/#website","url":"https:\/\/andrea.soltis.cz\/","name":"Bez Cukru Hrav\u011b a Zdrav\u011b","description":"(NE)sladk\u00e9 t\u011bhotenstv\u00ed, aneb jak se vypo\u0159\u00e1dat s t\u011bhotenskou cukrovkou a prediabetem.","publisher":{"@id":"https:\/\/andrea.soltis.cz\/#organization"},"potentialAction":[{"@type":"SearchAction","target":{"@type":"EntryPoint","urlTemplate":"https:\/\/andrea.soltis.cz\/?s={search_term_string}"},"query-input":{"@type":"PropertyValueSpecification","valueRequired":true,"valueName":"search_term_string"}}],"inLanguage":"cs"},{"@type":"Organization","@id":"https:\/\/andrea.soltis.cz\/#organization","name":"Bez Cukru Hrav\u011b a Zdrav\u011b","url":"https:\/\/andrea.soltis.cz\/","logo":{"@type":"ImageObject","inLanguage":"cs","@id":"https:\/\/andrea.soltis.cz\/#\/schema\/logo\/image\/","url":"https:\/\/andrea.soltis.cz\/wp-content\/uploads\/2021\/12\/NEsladke-tehotenstvi-NEsladky-zivot-1.png","contentUrl":"https:\/\/andrea.soltis.cz\/wp-content\/uploads\/2021\/12\/NEsladke-tehotenstvi-NEsladky-zivot-1.png","width":500,"height":500,"caption":"Bez Cukru Hrav\u011b a Zdrav\u011b"},"image":{"@id":"https:\/\/andrea.soltis.cz\/#\/schema\/logo\/image\/"}}]}},"uagb_featured_image_src":{"full":false,"thumbnail":false,"medium":false,"medium_large":false,"large":false,"1536x1536":false,"2048x2048":false},"uagb_author_info":{"display_name":"Andrea \u0160oltisov\u00e1","author_link":"https:\/\/andrea.soltis.cz\/index.php\/author\/ajusa-zakovagmail-com\/"},"uagb_comment_info":0,"uagb_excerpt":"Kontakt Napi\u0161te mi ajusa@soltis.cz Faktura\u010dn\u00ed \u00fadaje Bc. Andrea \u0160oltisov\u00e1 Sedli\u0161t\u011b 504, 73936 Sedli\u0161t\u011b I\u010c: 14282356 tel: +420739263240 Obchodn\u00ed podm\u00ednky Obchodn\u00ed podm\u00ednky Z\u00e1sady zpracov\u00e1n\u00ed osobn\u00edch \u00fadaj\u016f","_links":{"self":[{"href":"https:\/\/andrea.soltis.cz\/index.php\/wp-json\/wp\/v2\/pages\/143","targetHints":{"allow":["GET"]}}],"collection":[{"href":"https:\/\/andrea.soltis.cz\/index.php\/wp-json\/wp\/v2\/pages"}],"about":[{"href":"https:\/\/andrea.soltis.cz\/index.php\/wp-json\/wp\/v2\/types\/page"}],"author":[{"embeddable":true,"href":"https:\/\/andrea.soltis.cz\/index.php\/wp-json\/wp\/v2\/users\/6"}],"replies":[{"embeddable":true,"href":"https:\/\/andrea.soltis.cz\/index.php\/wp-json\/wp\/v2\/comments?post=143"}],"version-history":[{"count":0,"href":"https:\/\/andrea.soltis.cz\/index.php\/wp-json\/wp\/v2\/pages\/143\/revisions"}],"wp:attachment":[{"href":"https:\/\/andrea.soltis.cz\/index.php\/wp-json\/wp\/v2\/media?parent=143"}],"curies":[{"name":"wp","href":"https:\/\/api.w.org\/{rel}","templated":true}]}}